{"id":21,"date":"2025-08-27T22:08:43","date_gmt":"2025-08-27T22:08:43","guid":{"rendered":"http:\/\/www.gkm-trading.com\/?page_id=21"},"modified":"2025-08-27T22:46:40","modified_gmt":"2025-08-27T22:46:40","slug":"hakkimizda","status":"publish","type":"page","link":"https:\/\/www.gkm-trading.com\/?page_id=21","title":{"rendered":"Hakk\u0131m\u0131zda"},"content":{"rendered":"\n<p>\u0130stanbul merkezli GKM TRADING\u2019e ho\u015f geldiniz. \u0130n\u015faat, hafriyat ve end\u00fcstriyel makine \u00e7\u00f6z\u00fcmleri konusunda g\u00fcvenilir i\u015f orta\u011f\u0131n\u0131z olmaktan gurur duyuyoruz.<\/p>\n\n\n\n<p>Misyonumuz nettir: M\u00fc\u015fterilerimizin ba\u015far\u0131s\u0131n\u0131 desteklemek i\u00e7in y\u00fcksek kaliteli \u00fcr\u00fcnler, uzman dan\u0131\u015fmanl\u0131k ve \u00fcst\u00fcn m\u00fc\u015fteri hizmetleri sunmak.<br>Geni\u015f \u00fcr\u00fcn gam\u0131m\u0131z, deneyimli dan\u0131\u015fman kadromuz, ki\u015fiye \u00f6zel \u00e7\u00f6z\u00fcmlerimiz, esnek kiralama se\u00e7eneklerimiz ve kaliteye olan ba\u011fl\u0131l\u0131\u011f\u0131m\u0131z bizi sekt\u00f6rde farkl\u0131 k\u0131l\u0131yor.<\/p>\n\n\n\n<p>M\u00fc\u015fteri memnuniyeti daima \u00f6nceli\u011fimizdir. Sizi ba\u015far\u0131ya ula\u015ft\u0131rmak i\u00e7in h\u0131zl\u0131 hizmet, yenilik\u00e7i \u00e7\u00f6z\u00fcmler ve sekt\u00f6r bilgimizi sizinle payla\u015f\u0131yoruz.<\/p>\n\n\n\n<p>Bug\u00fcn katalo\u011fumuzu inceleyin, sundu\u011fumuz hizmetlerle hedeflerinize bir ad\u0131m daha yakla\u015f\u0131n.<\/p>\n","protected":false},"excerpt":{"rendered":"<p>\u0130stanbul merkezli GKM TRADING\u2019e ho\u015f geldiniz. \u0130n\u015faat, hafriyat ve end\u00fcstriyel makine \u00e7\u00f6z\u00fcmleri konusunda g\u00fcvenilir i\u015f orta\u011f\u0131n\u0131z olmaktan gurur duyuyoruz. Misyonumuz nettir: M\u00fc\u015fterilerimizin ba\u015far\u0131s\u0131n\u0131 desteklemek i\u00e7in y\u00fcksek kaliteli \u00fcr\u00fcnler, uzman dan\u0131\u015fmanl\u0131k ve \u00fcst\u00fcn m\u00fc\u015fteri hizmetleri sunmak.Geni\u015f \u00fcr\u00fcn gam\u0131m\u0131z, deneyimli dan\u0131\u015fman kadromuz, ki\u015fiye \u00f6zel \u00e7\u00f6z\u00fcmlerimiz, esnek kiralama se\u00e7eneklerimiz ve kaliteye olan ba\u011fl\u0131l\u0131\u011f\u0131m\u0131z bizi sekt\u00f6rde farkl\u0131 k\u0131l\u0131yor. M\u00fc\u015fteri [&hellip;]<\/p>\n","protected":false},"author":1,"featured_media":0,"parent":0,"menu_order":0,"comment_status":"closed","ping_status":"closed","template":"","meta":{"footnotes":""},"class_list":["post-21","page","type-page","status-publish","hentry"],"_links":{"self":[{"href":"https:\/\/www.gkm-trading.com\/index.php?rest_route=\/wp\/v2\/pages\/21","targetHints":{"allow":["GET"]}}],"collection":[{"href":"https:\/\/www.gkm-trading.com\/index.php?rest_route=\/wp\/v2\/pages"}],"about":[{"href":"https:\/\/www.gkm-trading.com\/index.php?rest_route=\/wp\/v2\/types\/page"}],"author":[{"embeddable":true,"href":"https:\/\/www.gkm-trading.com\/index.php?rest_route=\/wp\/v2\/users\/1"}],"replies":[{"embeddable":true,"href":"https:\/\/www.gkm-trading.com\/index.php?rest_route=%2Fwp%2Fv2%2Fcomments&post=21"}],"version-history":[{"count":3,"href":"https:\/\/www.gkm-trading.com\/index.php?rest_route=\/wp\/v2\/pages\/21\/revisions"}],"predecessor-version":[{"id":40,"href":"https:\/\/www.gkm-trading.com\/index.php?rest_route=\/wp\/v2\/pages\/21\/revisions\/40"}],"wp:attachment":[{"href":"https:\/\/www.gkm-trading.com\/index.php?rest_route=%2Fwp%2Fv2%2Fmedia&parent=21"}],"curies":[{"name":"wp","href":"https:\/\/api.w.org\/{rel}","templated":true}]}}