{"id":24,"date":"2025-08-27T22:09:08","date_gmt":"2025-08-27T22:09:08","guid":{"rendered":"http:\/\/www.gkm-trading.com\/?page_id=24"},"modified":"2025-08-27T23:06:20","modified_gmt":"2025-08-27T23:06:20","slug":"hizmetler","status":"publish","type":"page","link":"https:\/\/www.gkm-trading.com\/?page_id=24","title":{"rendered":"Hizmetler"},"content":{"rendered":"\n<p><strong>\ud83d\udd39 Ekipman Sat\u0131\u015flar\u0131<\/strong><\/p>\n\n\n\n<p>Geni\u015f yelpazede in\u015faat, hafriyat ve end\u00fcstriyel makineler sat\u0131\u015fa sunulmaktad\u0131r.<br><strong>(\u00d6rn: \u0130\u015f makineleri, vin\u00e7ler, y\u00fckleyiciler vb.)<\/strong><\/p>\n\n\n\n<p><strong>\ud83d\udd39 Yedek Par\u00e7a Sat\u0131\u015f\u0131<\/strong><\/p>\n\n\n\n<p>\u00c7e\u015fitli makineler i\u00e7in kapsaml\u0131 yedek par\u00e7a ve aksesuar \u00e7\u00f6z\u00fcmleri sunuyoruz.<br><strong>(\u00d6rn: Fren sistemleri, hidrolik par\u00e7alar, motor aksamlar\u0131 vb.)<\/strong><\/p>\n\n\n\n<p><strong>\ud83d\udd39 Profesyonel Dan\u0131\u015fmanl\u0131k Hizmetleri<\/strong><\/p>\n\n\n\n<p>Do\u011fru ekipman\u0131 se\u00e7menize yard\u0131mc\u0131 olmak i\u00e7in uzman ekibimiz size teknik destek ve yol g\u00f6sterici dan\u0131\u015fmanl\u0131k sa\u011flar.<\/p>\n\n\n\n<p>\ud83d\udd39 <strong>Kiralama Se\u00e7enekleri<\/strong><\/p>\n\n\n\n<p>Kiralama ortaklar\u0131m\u0131zla i\u015f birli\u011fi yaparak esnek \u00e7\u00f6z\u00fcmler sunuyoruz. B\u00f6ylece m\u00fc\u015fterilerimiz, sat\u0131n alma taahh\u00fcd\u00fc olmadan ihtiya\u00e7 duyduklar\u0131 ekipmana eri\u015febilir.<\/p>\n\n\n\n<p>\ud83d\udd39 <strong>Kalite G\u00fcvencesi<\/strong><\/p>\n\n\n\n<p>Sat\u0131n al\u0131nan veya kiralanan t\u00fcm \u00fcr\u00fcnler, uluslararas\u0131 standartlara uygunluk i\u00e7in titiz kalite kontrol s\u00fcre\u00e7lerinden ge\u00e7irilir.<\/p>\n\n\n\n<p>\ud83d\udd39 <strong>Duyarl\u0131 M\u00fc\u015fteri Hizmetleri<\/strong><\/p>\n\n\n\n<p>Sorular\u0131n\u0131za h\u0131zl\u0131 yan\u0131t, sorunlar\u0131n\u0131za h\u0131zl\u0131 \u00e7\u00f6z\u00fcm ve s\u00fcrekli destek sa\u011flayarak m\u00fc\u015fteri memnuniyetini en \u00fcst seviyede tutuyoruz.<\/p>\n","protected":false},"excerpt":{"rendered":"<p>\ud83d\udd39 Ekipman Sat\u0131\u015flar\u0131 Geni\u015f yelpazede in\u015faat, hafriyat ve end\u00fcstriyel makineler sat\u0131\u015fa sunulmaktad\u0131r.(\u00d6rn: \u0130\u015f makineleri, vin\u00e7ler, y\u00fckleyiciler vb.) \ud83d\udd39 Yedek Par\u00e7a Sat\u0131\u015f\u0131 \u00c7e\u015fitli makineler i\u00e7in kapsaml\u0131 yedek par\u00e7a ve aksesuar \u00e7\u00f6z\u00fcmleri sunuyoruz.(\u00d6rn: Fren sistemleri, hidrolik par\u00e7alar, motor aksamlar\u0131 vb.) \ud83d\udd39 Profesyonel Dan\u0131\u015fmanl\u0131k Hizmetleri Do\u011fru ekipman\u0131 se\u00e7menize yard\u0131mc\u0131 olmak i\u00e7in uzman ekibimiz size teknik destek ve yol [&hellip;]<\/p>\n","protected":false},"author":1,"featured_media":0,"parent":0,"menu_order":0,"comment_status":"closed","ping_status":"closed","template":"","meta":{"footnotes":""},"class_list":["post-24","page","type-page","status-publish","hentry"],"_links":{"self":[{"href":"https:\/\/www.gkm-trading.com\/index.php?rest_route=\/wp\/v2\/pages\/24","targetHints":{"allow":["GET"]}}],"collection":[{"href":"https:\/\/www.gkm-trading.com\/index.php?rest_route=\/wp\/v2\/pages"}],"about":[{"href":"https:\/\/www.gkm-trading.com\/index.php?rest_route=\/wp\/v2\/types\/page"}],"author":[{"embeddable":true,"href":"https:\/\/www.gkm-trading.com\/index.php?rest_route=\/wp\/v2\/users\/1"}],"replies":[{"embeddable":true,"href":"https:\/\/www.gkm-trading.com\/index.php?rest_route=%2Fwp%2Fv2%2Fcomments&post=24"}],"version-history":[{"count":3,"href":"https:\/\/www.gkm-trading.com\/index.php?rest_route=\/wp\/v2\/pages\/24\/revisions"}],"predecessor-version":[{"id":46,"href":"https:\/\/www.gkm-trading.com\/index.php?rest_route=\/wp\/v2\/pages\/24\/revisions\/46"}],"wp:attachment":[{"href":"https:\/\/www.gkm-trading.com\/index.php?rest_route=%2Fwp%2Fv2%2Fmedia&parent=24"}],"curies":[{"name":"wp","href":"https:\/\/api.w.org\/{rel}","templated":true}]}}