{"id":27,"date":"2025-08-27T22:09:25","date_gmt":"2025-08-27T22:09:25","guid":{"rendered":"http:\/\/www.gkm-trading.com\/?page_id=27"},"modified":"2025-08-28T22:18:50","modified_gmt":"2025-08-28T22:18:50","slug":"iletisim","status":"publish","type":"page","link":"https:\/\/www.gkm-trading.com\/?page_id=27","title":{"rendered":"\u0130leti\u015fim"},"content":{"rendered":"\n<div class=\"wp-block-columns is-layout-flex wp-container-core-columns-is-layout-9d6595d7 wp-block-columns-is-layout-flex\">\n<div class=\"wp-block-column is-layout-flow wp-block-column-is-layout-flow\">\n<p><strong>G\u00d6KMEN KILI\u00c7 MAK\u0130NA T\u0130CARET<\/strong><br>\ud83d\udccd \u0130stanbul \u2013 T\u00fcrkiye (Home Ofis)<\/p>\n\n\n\n<p>\ud83d\udc64 <strong>G\u00f6kmen K\u0131l\u0131\u00e7<\/strong><br>Dan\u0131\u015fman<\/p>\n\n\n\n<p>\ud83d\udce7 <a>gokmen.kilic@gkm-trading.com<\/a><br>\ud83d\udcde +90 532 205 58 12<br><br><\/p>\n<\/div>\n\n\n\n<div class=\"wp-block-column is-layout-flow wp-block-column-is-layout-flow\">\n<p><\/p>\n<\/div>\n<\/div>\n\n\n\n<p><\/p>\n","protected":false},"excerpt":{"rendered":"<p>G\u00d6KMEN KILI\u00c7 MAK\u0130NA T\u0130CARET\ud83d\udccd \u0130stanbul \u2013 T\u00fcrkiye (Home Ofis) \ud83d\udc64 G\u00f6kmen K\u0131l\u0131\u00e7Dan\u0131\u015fman \ud83d\udce7 gokmen.kilic@gkm-trading.com\ud83d\udcde +90 532 205 58 12<\/p>\n","protected":false},"author":1,"featured_media":0,"parent":0,"menu_order":0,"comment_status":"closed","ping_status":"closed","template":"","meta":{"footnotes":""},"class_list":["post-27","page","type-page","status-publish","hentry"],"_links":{"self":[{"href":"https:\/\/www.gkm-trading.com\/index.php?rest_route=\/wp\/v2\/pages\/27","targetHints":{"allow":["GET"]}}],"collection":[{"href":"https:\/\/www.gkm-trading.com\/index.php?rest_route=\/wp\/v2\/pages"}],"about":[{"href":"https:\/\/www.gkm-trading.com\/index.php?rest_route=\/wp\/v2\/types\/page"}],"author":[{"embeddable":true,"href":"https:\/\/www.gkm-trading.com\/index.php?rest_route=\/wp\/v2\/users\/1"}],"replies":[{"embeddable":true,"href":"https:\/\/www.gkm-trading.com\/index.php?rest_route=%2Fwp%2Fv2%2Fcomments&post=27"}],"version-history":[{"count":5,"href":"https:\/\/www.gkm-trading.com\/index.php?rest_route=\/wp\/v2\/pages\/27\/revisions"}],"predecessor-version":[{"id":80,"href":"https:\/\/www.gkm-trading.com\/index.php?rest_route=\/wp\/v2\/pages\/27\/revisions\/80"}],"wp:attachment":[{"href":"https:\/\/www.gkm-trading.com\/index.php?rest_route=%2Fwp%2Fv2%2Fmedia&parent=27"}],"curies":[{"name":"wp","href":"https:\/\/api.w.org\/{rel}","templated":true}]}}