{"id":93,"date":"2025-08-29T21:24:00","date_gmt":"2025-08-29T21:24:00","guid":{"rendered":"https:\/\/www.gkm-trading.com\/?page_id=93"},"modified":"2025-08-29T21:24:01","modified_gmt":"2025-08-29T21:24:01","slug":"contact","status":"publish","type":"page","link":"https:\/\/www.gkm-trading.com\/?page_id=93&lang=en","title":{"rendered":"Contact"},"content":{"rendered":"\n<p><strong>G\u00d6KMEN KILI\u00c7 MACHINERY TRADING<\/strong><br>Istanbul, Turkey (Home Office)<\/p>\n\n\n\n<p>\ud83d\udc64 G\u00f6kmen K\u0131l\u0131\u00e7 \u2013 Consultant<br>\u2709\ufe0f <a>gokmen.kilic@gkm-trading.com<\/a><br>\ud83d\udcde +90 532 205 58 12<\/p>\n\n\n\n<p><\/p>\n","protected":false},"excerpt":{"rendered":"<p>G\u00d6KMEN KILI\u00c7 MACHINERY TRADINGIstanbul, Turkey (Home Office) \ud83d\udc64 G\u00f6kmen K\u0131l\u0131\u00e7 \u2013 Consultant\u2709\ufe0f gokmen.kilic@gkm-trading.com\ud83d\udcde +90 532 205 58 12<\/p>\n","protected":false},"author":1,"featured_media":0,"parent":0,"menu_order":0,"comment_status":"closed","ping_status":"closed","template":"","meta":{"footnotes":""},"class_list":["post-93","page","type-page","status-publish","hentry"],"_links":{"self":[{"href":"https:\/\/www.gkm-trading.com\/index.php?rest_route=\/wp\/v2\/pages\/93","targetHints":{"allow":["GET"]}}],"collection":[{"href":"https:\/\/www.gkm-trading.com\/index.php?rest_route=\/wp\/v2\/pages"}],"about":[{"href":"https:\/\/www.gkm-trading.com\/index.php?rest_route=\/wp\/v2\/types\/page"}],"author":[{"embeddable":true,"href":"https:\/\/www.gkm-trading.com\/index.php?rest_route=\/wp\/v2\/users\/1"}],"replies":[{"embeddable":true,"href":"https:\/\/www.gkm-trading.com\/index.php?rest_route=%2Fwp%2Fv2%2Fcomments&post=93"}],"version-history":[{"count":1,"href":"https:\/\/www.gkm-trading.com\/index.php?rest_route=\/wp\/v2\/pages\/93\/revisions"}],"predecessor-version":[{"id":94,"href":"https:\/\/www.gkm-trading.com\/index.php?rest_route=\/wp\/v2\/pages\/93\/revisions\/94"}],"wp:attachment":[{"href":"https:\/\/www.gkm-trading.com\/index.php?rest_route=%2Fwp%2Fv2%2Fmedia&parent=93"}],"curies":[{"name":"wp","href":"https:\/\/api.w.org\/{rel}","templated":true}]}}